{"id":2,"date":"2024-08-24T04:08:15","date_gmt":"2024-08-24T04:08:15","guid":{"rendered":"https:\/\/gloomer.cl\/cv2030\/?page_id=2"},"modified":"2025-09-24T19:31:56","modified_gmt":"2025-09-24T19:31:56","slug":"inicio","status":"publish","type":"page","link":"https:\/\/gloomer.cl\/cv2030\/","title":{"rendered":"Inicio"},"content":{"rendered":"\n<div class=\"wp-block-cover alignfull portada-hero wp-duotone-unset-1\" style=\"margin-top:0;padding-top:4vw;padding-right:4vw;padding-bottom:4vw;padding-left:4vw\"><span aria-hidden=\"true\" class=\"wp-block-cover__background has-background-dim-0 has-background-dim\"><\/span><img loading=\"lazy\" decoding=\"async\" width=\"2000\" height=\"1200\" class=\"wp-block-cover__image-background wp-image-881\" alt=\"\" src=\"https:\/\/gloomer.cl\/cv2030\/wp-content\/uploads\/2025\/09\/BANNER-INICIO.png\" style=\"object-position:50% 100%\" data-object-fit=\"cover\" data-object-position=\"50% 100%\" srcset=\"https:\/\/gloomer.cl\/cv2030\/wp-content\/uploads\/2025\/09\/BANNER-INICIO.png 2000w, https:\/\/gloomer.cl\/cv2030\/wp-content\/uploads\/2025\/09\/BANNER-INICIO-500x300.png 500w, https:\/\/gloomer.cl\/cv2030\/wp-content\/uploads\/2025\/09\/BANNER-INICIO-1600x960.png 1600w, https:\/\/gloomer.cl\/cv2030\/wp-content\/uploads\/2025\/09\/BANNER-INICIO-768x461.png 768w, https:\/\/gloomer.cl\/cv2030\/wp-content\/uploads\/2025\/09\/BANNER-INICIO-1536x922.png 1536w\" sizes=\"(max-width: 2000px) 100vw, 2000px\" \/><div class=\"wp-block-cover__inner-container is-layout-flow wp-block-cover-is-layout-flow\">\n<div class=\"wp-block-columns max-width-hero is-layout-flex wp-container-core-columns-is-layout-1 wp-block-columns-is-layout-flex\">\n<div class=\"wp-block-column portada-div-video is-layout-flow wp-block-column-is-layout-flow\">\n<figure class=\"wp-block-embed is-type-video is-provider-youtube wp-block-embed-youtube wp-embed-aspect-16-9 wp-has-aspect-ratio\"><div class=\"wp-block-embed__wrapper\">\n<iframe loading=\"lazy\" title=\"Los desaf\u00edos de la nueva Facultad de Ciencias Sociales de la UV\" width=\"800\" height=\"450\" src=\"https:\/\/www.youtube.com\/embed\/-i99H-_7XWM?feature=oembed\" frameborder=\"0\" allow=\"accelerometer; autoplay; clipboard-write; encrypted-media; gyroscope; picture-in-picture; web-share\" referrerpolicy=\"strict-origin-when-cross-origin\" allowfullscreen><\/iframe>\n<\/div><\/figure>\n<\/div>\n\n\n\n<div class=\"wp-block-column is-vertically-aligned-center is-layout-flow wp-block-column-is-layout-flow\">\n<h2 class=\"wp-block-heading has-white-color has-text-color has-link-color wp-elements-d278a5b8840f9af500596b6b473a9c02\">El proyecto<br>CienciaV 2030<\/h2>\n\n\n\n<p class=\"has-white-color has-text-color has-link-color wp-elements-9be33278d8a2f1a556e3fd7c3ae306f4\">El proyecto CienciaV 2030 es una estrategia que viene a instalar la innovaci\u00f3n y emprendimiento en las facultades y departamentos de Ciencias de la Universidad de Valpara\u00edso y Universidad T\u00e9cnico Federico Santa Mar\u00eda<\/p>\n<\/div>\n<\/div>\n<\/div><\/div>\n\n\n\n<p><br><\/p>\n\n\n\n<div class=\"wp-block-columns max-width-site is-layout-flex wp-container-core-columns-is-layout-2 wp-block-columns-is-layout-flex\">\n<div class=\"wp-block-column is-layout-flow wp-block-column-is-layout-flow\">\n<div class=\"wp-block-buttons is-layout-flex wp-block-buttons-is-layout-flex\">\n<div class=\"wp-block-button has-custom-width wp-block-button__width-100 portada-btn-1\"><a class=\"wp-block-button__link has-white-color has-text-color has-background has-link-color has-text-align-center wp-element-button\" style=\"background-color:#1c2169\"><strong>PALABRAS CLAVE<br>PROYECTO<\/strong><\/a><\/div>\n\n\n\n<div class=\"wp-block-button has-custom-width wp-block-button__width-100 portada-btn-2\"><a class=\"wp-block-button__link has-white-color has-text-color has-background has-link-color has-text-align-left wp-element-button\" style=\"background-color:#47eccb\"><strong>Innovaci\u00f3n<\/strong><\/a><\/div>\n\n\n\n<div class=\"wp-block-button has-custom-width wp-block-button__width-100 portada-btn-3\"><a class=\"wp-block-button__link has-white-color has-text-color has-background has-link-color has-text-align-center wp-element-button\" style=\"background-color:#e95b37\"><strong>Ver m\u00e1s<\/strong><\/a><\/div>\n<\/div>\n<\/div>\n\n\n\n<div class=\"wp-block-column is-layout-flow wp-block-column-is-layout-flow\">\n<div class=\"wp-block-buttons is-layout-flex wp-block-buttons-is-layout-flex\">\n<div class=\"wp-block-button has-custom-width wp-block-button__width-100 portada-btn-4\"><a class=\"wp-block-button__link has-white-color has-text-color has-background has-link-color has-text-align-left wp-element-button\" style=\"background-color:#e95b37\"><strong>Innovaci\u00f3n curricular<\/strong><\/a><\/div>\n\n\n\n<div class=\"wp-block-button has-custom-width wp-block-button__width-100 portada-btn-5\"><a class=\"wp-block-button__link has-white-color has-text-color has-background has-link-color has-text-align-left wp-element-button\" style=\"background-color:#1c2169\"><strong>Participaci\u00f3n y liderazgo femenino<\/strong><\/a><\/div>\n<\/div>\n<\/div>\n\n\n\n<div class=\"wp-block-column is-layout-flow wp-block-column-is-layout-flow\">\n<div class=\"wp-block-buttons is-layout-flex wp-block-buttons-is-layout-flex\">\n<div class=\"wp-block-button has-custom-width wp-block-button__width-100 has-custom-font-size portada-btn-6 has-small-font-size\"><a class=\"wp-block-button__link has-text-color has-background has-link-color wp-element-button\" style=\"color:#055bd7;background-color:#055bd7\">.<\/a><\/div>\n\n\n\n<div class=\"wp-block-button has-custom-width wp-block-button__width-100 portada-btn-7\"><a class=\"wp-block-button__link has-white-color has-text-color has-background has-link-color has-text-align-left wp-element-button\" style=\"background-color:#e95b37\"><strong>Titular de noticia destacada 4<\/strong><\/a><\/div>\n<\/div>\n\n\n\n<p><\/p>\n<\/div>\n<\/div>\n\n\n\n<p><br><br><\/p>\n\n\n\n<h1 class=\"wp-block-heading has-text-align-right has-white-color has-text-color has-link-color wp-elements-7b92b0f153ec626a53dea918b639a27b\"><\/h1>\n\n\n\n<div class=\"wp-block-cover alignfull has-small-font-size wp-duotone-unset-2\" style=\"margin-top:0;padding-top:4vw;padding-right:4vw;padding-bottom:4vw;padding-left:4vw;min-height:10vh;aspect-ratio:unset;\"><span aria-hidden=\"true\" class=\"wp-block-cover__background has-background-dim-0 has-background-dim\" style=\"background-color:#2c3066\"><\/span><img loading=\"lazy\" decoding=\"async\" width=\"2000\" height=\"567\" class=\"wp-block-cover__image-background wp-image-978\" alt=\"\" src=\"https:\/\/gloomer.cl\/cv2030\/wp-content\/uploads\/2025\/09\/banner-home-2.png\" data-object-fit=\"cover\" srcset=\"https:\/\/gloomer.cl\/cv2030\/wp-content\/uploads\/2025\/09\/banner-home-2.png 2000w, https:\/\/gloomer.cl\/cv2030\/wp-content\/uploads\/2025\/09\/banner-home-2-500x142.png 500w, https:\/\/gloomer.cl\/cv2030\/wp-content\/uploads\/2025\/09\/banner-home-2-1600x454.png 1600w, https:\/\/gloomer.cl\/cv2030\/wp-content\/uploads\/2025\/09\/banner-home-2-768x218.png 768w, https:\/\/gloomer.cl\/cv2030\/wp-content\/uploads\/2025\/09\/banner-home-2-1536x435.png 1536w\" sizes=\"(max-width: 2000px) 100vw, 2000px\" \/><div class=\"wp-block-cover__inner-container is-layout-flow wp-block-cover-is-layout-flow\">\n<div class=\"wp-block-group max-whidth-site\"><div class=\"wp-block-group__inner-container is-layout-flow wp-block-group-is-layout-flow\">\n<div class=\"wp-block-columns are-vertically-aligned-center is-layout-flex wp-container-core-columns-is-layout-3 wp-block-columns-is-layout-flex\">\n<div class=\"wp-block-column is-vertically-aligned-center banner-llamado-a-la-accion is-layout-flow wp-block-column-is-layout-flow\" style=\"flex-basis:900px\">\n<h1 class=\"wp-block-heading has-text-align-right has-white-color has-text-color has-link-color wp-elements-94fb52d0a71f72e95f0b3da66502924e\"><br><br><br>Banner concurso o<br>noticia destacada*<br><br><\/h1>\n<\/div>\n<\/div>\n<\/div><\/div>\n<\/div><\/div>\n\n\n\n<h2 class=\"wp-block-heading max-width-site global-title\">NOTICIAS<\/h2>\n\n\n\n<div class=\"wp-block-columns max-width-hero is-layout-flex wp-container-core-columns-is-layout-4 wp-block-columns-is-layout-flex\">\n<div class=\"wp-block-column is-layout-flow wp-block-column-is-layout-flow\"><div  class=\"ultp-post-grid-block wp-block-ultimate-post-post-grid-2 ultp-block-2a6b87\"><div class=\"ultp-block-wrapper\"><div class=\"ultp-loading\"><div class=\"ultp-loading-blocks\" style=\"width:100%;height:100%;\"><div style=\"left: 0;top: 0;animation-delay:0s;\"><\/div><div style=\"left: 21px;top: 0;animation-delay:0.125s;\"><\/div><div style=\"left: 42px;top: 0;animation-delay:0.25s;\"><\/div><div style=\"left: 0;top: 21px;animation-delay:0.875s;\"><\/div><div style=\"left: 42px;top: 21px;animation-delay:0.375s;\"><\/div><div style=\"left: 0;top: 42px;animation-delay:0.75s;\"><\/div><div style=\"left: 42px;top: 42px;animation-delay:0.625s;\"><\/div><div style=\"left: 21px;top: 42px;animation-delay:0.5s;\"><\/div><\/div><\/div><div class=\"ultp-block-items-wrap ultp-block-row\"><div class=\"ultp-block-item post-id-930 ultp-animation-slideup\"><div class=\"ultp-block-content-wrap ultp-block-content-overlay\"><div class=\"ultp-block-image ultp-block-image-slideLeft ultp-block-image-overlay ultp-block-image-custom\"><a href=\"https:\/\/gloomer.cl\/cv2030\/talleres-de-emprendimiento-2024\/\" ><img decoding=\"async\"  alt=\"Talleres de emprendimiento 2024\"  src=\"https:\/\/gloomer.cl\/cv2030\/wp-content\/uploads\/2024\/08\/Captura-de-Pantalla-2024-08-28-a-las-04.11.58.png\" \/><\/a><\/div><div class=\"ultp-block-content ultp-block-content-bottomPosition\"><div class=\"ultp-block-content-inner\"><h1 class=\"ultp-block-title \"><a href=\"https:\/\/gloomer.cl\/cv2030\/talleres-de-emprendimiento-2024\/\" >Talleres de emprendimiento 2024<\/a><\/h1><\/div><\/div><\/div><\/div><div class=\"ultp-block-item post-id-696 ultp-animation-slideup\"><div class=\"ultp-block-content-wrap ultp-block-content-overlay\"><div class=\"ultp-block-image ultp-block-image-slideLeft ultp-block-image-overlay ultp-block-image-custom\"><a href=\"https:\/\/gloomer.cl\/cv2030\/ciencia-transformadora\/\" ><img decoding=\"async\"  alt=\"Ciencia transformadora\"  src=\"https:\/\/gloomer.cl\/cv2030\/wp-content\/uploads\/2024\/08\/Captura-de-Pantalla-2024-08-28-a-las-04.11.58.png\" \/><\/a><\/div><div class=\"ultp-block-content ultp-block-content-bottomPosition\"><div class=\"ultp-block-content-inner\"><h1 class=\"ultp-block-title \"><a href=\"https:\/\/gloomer.cl\/cv2030\/ciencia-transformadora\/\" >Ciencia transformadora<\/a><\/h1><\/div><\/div><\/div><\/div><div class=\"ultp-block-item post-id-303 ultp-animation-slideup\"><div class=\"ultp-block-content-wrap ultp-block-content-overlay\"><div class=\"ultp-block-image ultp-block-image-slideLeft ultp-block-image-overlay ultp-block-image-custom\"><a href=\"https:\/\/gloomer.cl\/cv2030\/titular-de-noticia-destacada-1\/\" ><img decoding=\"async\"  alt=\"Titular de noticia destacada 1\"  src=\"https:\/\/gloomer.cl\/cv2030\/wp-content\/uploads\/2024\/08\/GettyImages-500797629-5925ac665f9b585950b6ff18.jpg\" \/><\/a><\/div><div class=\"ultp-block-content ultp-block-content-bottomPosition\"><div class=\"ultp-block-content-inner\"><h1 class=\"ultp-block-title \"><a href=\"https:\/\/gloomer.cl\/cv2030\/titular-de-noticia-destacada-1\/\" >Titular de noticia destacada 1<\/a><\/h1><\/div><\/div><\/div><\/div><\/div><\/div><div class=\"pagination-block-html\" aria-hidden=\"true\" style=\"display: none;\"><\/div><\/div><\/div>\n<\/div>\n\n\n\n<div class=\"wp-block-buttons is-content-justification-center is-layout-flex wp-container-core-buttons-is-layout-4 wp-block-buttons-is-layout-flex\">\n<div class=\"wp-block-button global-btn-mas\"><a class=\"wp-block-button__link wp-element-button\">M\u00e1s noticias<\/a><\/div>\n<\/div>\n\n\n\n<div class=\"wp-block-cover alignfull is-light portada-hero portada-fondo-agenda wp-duotone-unset-3\" style=\"margin-top:0;padding-top:4vw;padding-right:4vw;padding-bottom:4vw;padding-left:4vw\"><span aria-hidden=\"true\" class=\"wp-block-cover__background has-background-dim-0 has-background-dim\"><\/span><img loading=\"lazy\" decoding=\"async\" width=\"2000\" height=\"1200\" class=\"wp-block-cover__image-background wp-image-885\" alt=\"\" src=\"https:\/\/gloomer.cl\/cv2030\/wp-content\/uploads\/2025\/09\/FONDO-SECCION-AGENDA.png\" style=\"object-position:50% 0%\" data-object-fit=\"cover\" data-object-position=\"50% 0%\" srcset=\"https:\/\/gloomer.cl\/cv2030\/wp-content\/uploads\/2025\/09\/FONDO-SECCION-AGENDA.png 2000w, https:\/\/gloomer.cl\/cv2030\/wp-content\/uploads\/2025\/09\/FONDO-SECCION-AGENDA-500x300.png 500w, https:\/\/gloomer.cl\/cv2030\/wp-content\/uploads\/2025\/09\/FONDO-SECCION-AGENDA-1600x960.png 1600w, https:\/\/gloomer.cl\/cv2030\/wp-content\/uploads\/2025\/09\/FONDO-SECCION-AGENDA-768x461.png 768w, https:\/\/gloomer.cl\/cv2030\/wp-content\/uploads\/2025\/09\/FONDO-SECCION-AGENDA-1536x922.png 1536w\" sizes=\"(max-width: 2000px) 100vw, 2000px\" \/><div class=\"wp-block-cover__inner-container is-layout-flow wp-block-cover-is-layout-flow\">\n<div class=\"wp-block-columns is-layout-flex wp-container-core-columns-is-layout-5 wp-block-columns-is-layout-flex\">\n<div class=\"wp-block-column is-layout-flow wp-block-column-is-layout-flow\">\n<h2 class=\"wp-block-heading max-width-site global-title\">AGENDA<\/h2>\n<\/div>\n<\/div>\n\n\n\n<div class=\"wp-block-columns is-layout-flex wp-container-core-columns-is-layout-6 wp-block-columns-is-layout-flex\">\n<div class=\"wp-block-column max-width-hero is-layout-flow wp-block-column-is-layout-flow\"><div class=\"event_listings\" data-location=\"\" data-keywords=\"\" data-show_filters=\"false\" data-show_pagination=\"false\" data-per_page=\"3\" data-orderby=\"event_start_date\" data-order=\"ASC\" data-datetimes=\"\" data-categories=\"\" data-event_types=\"\" data-ticket_prices=\"\" data-event_online=\"\" ><div class=\"wpem-main wpem-event-listings-header\">\r\n    <div class=\"wpem-row\">\r\n        <div class=\"wpem-col wpem-col-12 wpem-col-sm-6 wpem-col-md-6 wpem-col-lg-8\">\r\n            <div class=\"wpem-event-listing-header-title\">\r\n                                    <h2 class=\"wpem-heading-text\">Events<\/h2>\r\n                            <\/div>\r\n        <\/div>\r\n        <div class=\"wpem-col wpem-col-12 wpem-col-sm-6 wpem-col-md-6 wpem-col-lg-4\">\r\n            <div class=\"wpem-event-layout-action-wrapper\">\r\n                <div class=\"wpem-event-layout-action\">\r\n                                                                    <div class=\"wpem-event-layout-icon wpem-event-box-layout\" title=\"Events Box View\" id=\"wpem-event-box-layout\"><i class=\"wpem-icon-stop2\"><\/i><\/div>\r\n                        <div class=\"wpem-event-layout-icon wpem-event-list-layout wpem-active-layout\" title=\"Events List View\" id=\"wpem-event-list-layout\"><i class=\"wpem-icon-menu\"><\/i><\/div>\r\n                                                            <\/div>\r\n            <\/div>\r\n        <\/div>\r\n    <\/div>\r\n<\/div>\r\n\r\n<!-- Event listing view -->\r\n\r\n<div class=\"event_listings_main\">\r\n    <div id=\"event-listing-view\" class=\"wpem-main wpem-event-listings event_listings wpem-event-listing-list-view\" data-id=\"all\"><div class=\"wpem-event-box-col wpem-col wpem-col-12 wpem-col-md-6 wpem-col-lg-4\">\n    <!----- wpem-col-lg-4 value can be change by admin settings ------->\n    <div class=\"wpem-event-layout-wrapper\">\n        <div class=\"event_listing event-type-evento post-525 type-event_listing status-publish has-post-thumbnail hentry event_listing_category-general event_listing_type-evento\">\n            <a href=\"https:\/\/gloomer.cl\/cv2030\/event\/nombre-de-la-actividad-2\/\" class=\"wpem-event-action-url event-style-color evento\">\n                <div class=\"wpem-event-banner\">\n                    <div class=\"wpem-event-banner-img\" style=\"background-image: url(https:\/\/gloomer.cl\/cv2030\/wp-content\/uploads\/2024\/08\/organizar-evento-corp-opt.jpg)\">\n                        <div class=\"wpem-jr-back-gradient\"><\/div>\n                        <!-- Hide in list View \/\/ Show in Box View -->\n                                                <div class=\"wpem-event-date\">\n                            <div class=\"wpem-event-date-type\">\n                                                                    <div class=\"wpem-from-date\">\n                                        <div class=\"wpem-date wpem-jr-day\">Mi\u00e9<\/div>\n                                        <div class=\"wpem-date\">28<\/div>\n                                        <div class=\"wpem-month\">Ago<\/div>\n                                    <\/div>\n                                                            <\/div>\n                        <\/div>\n                        <div class=\"wpem-jr-title\">\n                            <h3 class=\"wpem-jr-title-h\">Nombre actividad 2<\/h3>\n                        <\/div>\n                        <!-- Hide in list View \/\/ Show in Box View -->\n                    <\/div>\n                <\/div>\n\n                <div class=\"wpem-event-infomation\">\n                    <div class=\"wpem-event-date\">\n                        <div class=\"wpem-event-date-type\">\n                                                            <div class=\"wpem-from-date\">\n                                    <div class=\"wpem-date\">28<\/div>\n                                    <div class=\"wpem-month\">Ago<\/div>\n                                <\/div>\n                                                    <\/div>\n                    <\/div>\n\n                    <div class=\"wpem-event-details\">\n                                                <!-- original title -->\n\n                        <div class=\"wpem-event-date-time\">\n                            <span class=\"wpem-event-date-time-text\">\n                                                                05:00 - 07:00                                horas\n                            <\/span>\n                        <\/div>\n                        <div class=\"wpem-event-location\">\n                            <span class=\"wpem-event-location-text\">\n                                Lugar lugar lugar                            <\/span>\n                        <\/div>\n                                                    <!--<div class=\"wpem-event-type\"><\/div>-->\n                        \n                        <!-- Show in list View \/\/ Hide in Box View -->\n                                                <!-- Show in list View \/\/ Hide in Box View -->\n                                            <\/div>\n                <\/div>\n            <\/a>\n        <\/div>\n    <\/div>\n<\/div><div class=\"wpem-event-box-col wpem-col wpem-col-12 wpem-col-md-6 wpem-col-lg-4\">\n    <!----- wpem-col-lg-4 value can be change by admin settings ------->\n    <div class=\"wpem-event-layout-wrapper\">\n        <div class=\"event_listing event-type-evento post-511 type-event_listing status-publish has-post-thumbnail hentry event_listing_category-general event_listing_type-evento\">\n            <a href=\"https:\/\/gloomer.cl\/cv2030\/event\/nombre-de-la-actividad\/\" class=\"wpem-event-action-url event-style-color evento\">\n                <div class=\"wpem-event-banner\">\n                    <div class=\"wpem-event-banner-img\" style=\"background-image: url(https:\/\/gloomer.cl\/cv2030\/wp-content\/uploads\/2024\/08\/evento.jpeg)\">\n                        <div class=\"wpem-jr-back-gradient\"><\/div>\n                        <!-- Hide in list View \/\/ Show in Box View -->\n                                                <div class=\"wpem-event-date\">\n                            <div class=\"wpem-event-date-type\">\n                                                                    <div class=\"wpem-from-date\">\n                                        <div class=\"wpem-date wpem-jr-day\">Jue<\/div>\n                                        <div class=\"wpem-date\">29<\/div>\n                                        <div class=\"wpem-month\">Ago<\/div>\n                                    <\/div>\n                                                            <\/div>\n                        <\/div>\n                        <div class=\"wpem-jr-title\">\n                            <h3 class=\"wpem-jr-title-h\">Nombre actividad 1<\/h3>\n                        <\/div>\n                        <!-- Hide in list View \/\/ Show in Box View -->\n                    <\/div>\n                <\/div>\n\n                <div class=\"wpem-event-infomation\">\n                    <div class=\"wpem-event-date\">\n                        <div class=\"wpem-event-date-type\">\n                                                            <div class=\"wpem-from-date\">\n                                    <div class=\"wpem-date\">29<\/div>\n                                    <div class=\"wpem-month\">Ago<\/div>\n                                <\/div>\n                                                    <\/div>\n                    <\/div>\n\n                    <div class=\"wpem-event-details\">\n                                                <!-- original title -->\n\n                        <div class=\"wpem-event-date-time\">\n                            <span class=\"wpem-event-date-time-text\">\n                                                                17:00                                horas\n                            <\/span>\n                        <\/div>\n                        <div class=\"wpem-event-location\">\n                            <span class=\"wpem-event-location-text\">\n                                Lugar lugar lugar                            <\/span>\n                        <\/div>\n                                                    <!--<div class=\"wpem-event-type\"><\/div>-->\n                        \n                        <!-- Show in list View \/\/ Hide in Box View -->\n                                                <!-- Show in list View \/\/ Hide in Box View -->\n                                            <\/div>\n                <\/div>\n            <\/a>\n        <\/div>\n    <\/div>\n<\/div><div class=\"wpem-event-box-col wpem-col wpem-col-12 wpem-col-md-6 wpem-col-lg-4\">\n    <!----- wpem-col-lg-4 value can be change by admin settings ------->\n    <div class=\"wpem-event-layout-wrapper\">\n        <div class=\"event_listing event-type-evento post-527 type-event_listing status-publish has-post-thumbnail hentry event_listing_category-general event_listing_type-evento\">\n            <a href=\"https:\/\/gloomer.cl\/cv2030\/event\/nombre-de-la-actividad-3\/\" class=\"wpem-event-action-url event-style-color evento\">\n                <div class=\"wpem-event-banner\">\n                    <div class=\"wpem-event-banner-img\" style=\"background-image: url(https:\/\/gloomer.cl\/cv2030\/wp-content\/uploads\/2024\/08\/tipos-de-eventos.jpg)\">\n                        <div class=\"wpem-jr-back-gradient\"><\/div>\n                        <!-- Hide in list View \/\/ Show in Box View -->\n                                                <div class=\"wpem-event-date\">\n                            <div class=\"wpem-event-date-type\">\n                                                                    <div class=\"wpem-from-date\">\n                                        <div class=\"wpem-date wpem-jr-day\">Vie<\/div>\n                                        <div class=\"wpem-date\">30<\/div>\n                                        <div class=\"wpem-month\">Ago<\/div>\n                                    <\/div>\n                                                            <\/div>\n                        <\/div>\n                        <div class=\"wpem-jr-title\">\n                            <h3 class=\"wpem-jr-title-h\">Nombre actividad 3<\/h3>\n                        <\/div>\n                        <!-- Hide in list View \/\/ Show in Box View -->\n                    <\/div>\n                <\/div>\n\n                <div class=\"wpem-event-infomation\">\n                    <div class=\"wpem-event-date\">\n                        <div class=\"wpem-event-date-type\">\n                                                            <div class=\"wpem-from-date\">\n                                    <div class=\"wpem-date\">30<\/div>\n                                    <div class=\"wpem-month\">Ago<\/div>\n                                <\/div>\n                                                    <\/div>\n                    <\/div>\n\n                    <div class=\"wpem-event-details\">\n                                                <!-- original title -->\n\n                        <div class=\"wpem-event-date-time\">\n                            <span class=\"wpem-event-date-time-text\">\n                                                                06:30 - 09:30                                horas\n                            <\/span>\n                        <\/div>\n                        <div class=\"wpem-event-location\">\n                            <span class=\"wpem-event-location-text\">\n                                Lugar lugar lugar                            <\/span>\n                        <\/div>\n                                                    <!--<div class=\"wpem-event-type\"><\/div>-->\n                        \n                        <!-- Show in list View \/\/ Hide in Box View -->\n                                                <!-- Show in list View \/\/ Hide in Box View -->\n                                            <\/div>\n                <\/div>\n            <\/a>\n        <\/div>\n    <\/div>\n<\/div><\/div>\n<\/div>\n\t\t\t<\/div>\n<\/div>\n<\/div>\n\n\n\n<div class=\"wp-block-columns is-layout-flex wp-container-core-columns-is-layout-7 wp-block-columns-is-layout-flex\">\n<div class=\"wp-block-column is-layout-flow wp-block-column-is-layout-flow\">\n<div class=\"wp-block-buttons is-content-justification-center is-layout-flex wp-container-core-buttons-is-layout-5 wp-block-buttons-is-layout-flex\">\n<div class=\"wp-block-button global-btn-mas\"><a class=\"wp-block-button__link wp-element-button\">Ver m\u00e1s<\/a><\/div>\n<\/div>\n<\/div>\n<\/div>\n<\/div><\/div>\n","protected":false},"excerpt":{"rendered":"<p>NOTICIAS<\/p>\n","protected":false},"author":1,"featured_media":0,"parent":0,"menu_order":0,"comment_status":"closed","ping_status":"open","template":"template-fullwidth-stretched.php","meta":{"_themeisle_gutenberg_block_has_review":false,"footnotes":""},"class_list":["post-2","page","type-page","status-publish","hentry"],"_links":{"self":[{"href":"https:\/\/gloomer.cl\/cv2030\/wp-json\/wp\/v2\/pages\/2"}],"collection":[{"href":"https:\/\/gloomer.cl\/cv2030\/wp-json\/wp\/v2\/pages"}],"about":[{"href":"https:\/\/gloomer.cl\/cv2030\/wp-json\/wp\/v2\/types\/page"}],"author":[{"embeddable":true,"href":"https:\/\/gloomer.cl\/cv2030\/wp-json\/wp\/v2\/users\/1"}],"replies":[{"embeddable":true,"href":"https:\/\/gloomer.cl\/cv2030\/wp-json\/wp\/v2\/comments?post=2"}],"version-history":[{"count":163,"href":"https:\/\/gloomer.cl\/cv2030\/wp-json\/wp\/v2\/pages\/2\/revisions"}],"predecessor-version":[{"id":980,"href":"https:\/\/gloomer.cl\/cv2030\/wp-json\/wp\/v2\/pages\/2\/revisions\/980"}],"wp:attachment":[{"href":"https:\/\/gloomer.cl\/cv2030\/wp-json\/wp\/v2\/media?parent=2"}],"curies":[{"name":"wp","href":"https:\/\/api.w.org\/{rel}","templated":true}]}}