{"id":628,"date":"2024-08-28T07:21:30","date_gmt":"2024-08-28T07:21:30","guid":{"rendered":"https:\/\/gloomer.cl\/cv2030\/?page_id=628"},"modified":"2025-10-01T09:08:29","modified_gmt":"2025-10-01T09:08:29","slug":"despliegue","status":"publish","type":"page","link":"https:\/\/gloomer.cl\/cv2030\/despliegue\/","title":{"rendered":"DESPLIEGUE"},"content":{"rendered":"\n<div class=\"wp-block-cover alignfull wp-duotone-unset-1\" style=\"margin-top:0;padding-top:4vw;padding-right:4vw;padding-bottom:4vw;padding-left:4vw;min-height:185px;aspect-ratio:unset;\"><span aria-hidden=\"true\" class=\"wp-block-cover__background has-background-dim-0 has-background-dim\" style=\"background-color:#2c3066\"><\/span><img loading=\"lazy\" decoding=\"async\" width=\"2000\" height=\"462\" class=\"wp-block-cover__image-background wp-image-922\" alt=\"\" src=\"https:\/\/gloomer.cl\/cv2030\/wp-content\/uploads\/2025\/09\/BANNER-CONVOCATORIAS.png\" style=\"object-position:52% 27%\" data-object-fit=\"cover\" data-object-position=\"52% 27%\" srcset=\"https:\/\/gloomer.cl\/cv2030\/wp-content\/uploads\/2025\/09\/BANNER-CONVOCATORIAS.png 2000w, https:\/\/gloomer.cl\/cv2030\/wp-content\/uploads\/2025\/09\/BANNER-CONVOCATORIAS-500x116.png 500w, https:\/\/gloomer.cl\/cv2030\/wp-content\/uploads\/2025\/09\/BANNER-CONVOCATORIAS-1600x370.png 1600w, https:\/\/gloomer.cl\/cv2030\/wp-content\/uploads\/2025\/09\/BANNER-CONVOCATORIAS-768x177.png 768w, https:\/\/gloomer.cl\/cv2030\/wp-content\/uploads\/2025\/09\/BANNER-CONVOCATORIAS-1536x355.png 1536w\" sizes=\"(max-width: 2000px) 100vw, 2000px\" \/><div class=\"wp-block-cover__inner-container is-layout-flow wp-block-cover-is-layout-flow\">\n<p class=\"has-text-align-center has-large-font-size\"><\/p>\n<\/div><\/div>\n\n\n\n<h2 class=\"wp-block-heading has-text-align-center global-title\">CENTROS USM<\/h2>\n\n\n\n<div class=\"wp-block-columns max-width-site is-layout-flex wp-container-core-columns-is-layout-1 wp-block-columns-is-layout-flex\">\n<div class=\"wp-block-column is-layout-flow wp-block-column-is-layout-flow\">\n<div class=\"wp-block-media-text is-vertically-aligned-top\" style=\"grid-template-columns:25% auto\"><figure class=\"wp-block-media-text__media\"><img loading=\"lazy\" decoding=\"async\" width=\"200\" height=\"200\" src=\"https:\/\/gloomer.cl\/cv2030\/wp-content\/uploads\/2025\/10\/CCTVAL_vertical_azul-200x200.png\" alt=\"\" class=\"wp-image-1005 size-thumbnail\" srcset=\"https:\/\/gloomer.cl\/cv2030\/wp-content\/uploads\/2025\/10\/CCTVAL_vertical_azul-200x200.png 200w, https:\/\/gloomer.cl\/cv2030\/wp-content\/uploads\/2025\/10\/CCTVAL_vertical_azul-500x500.png 500w, https:\/\/gloomer.cl\/cv2030\/wp-content\/uploads\/2025\/10\/CCTVAL_vertical_azul-1600x1600.png 1600w, https:\/\/gloomer.cl\/cv2030\/wp-content\/uploads\/2025\/10\/CCTVAL_vertical_azul-768x768.png 768w, https:\/\/gloomer.cl\/cv2030\/wp-content\/uploads\/2025\/10\/CCTVAL_vertical_azul-1536x1536.png 1536w, https:\/\/gloomer.cl\/cv2030\/wp-content\/uploads\/2025\/10\/CCTVAL_vertical_azul-2048x2048.png 2048w, https:\/\/gloomer.cl\/cv2030\/wp-content\/uploads\/2025\/10\/CCTVAL_vertical_azul-600x600.png 600w\" sizes=\"(max-width: 200px) 100vw, 200px\" \/><\/figure><div class=\"wp-block-media-text__content\">\n<h3 class=\"wp-block-heading has-text-color has-link-color wp-elements-7f29219c936dff2648b119c1e995cd2e\" style=\"color:#1c2269\"><strong>Centro Cient\u00edfico Tecnol\u00f3gico de Valpara\u00edso (CCTVal)<\/strong><\/h3>\n\n\n\n<p class=\"has-text-color has-link-color wp-elements-cd7c22554e00efdea605f4883a6345fe\" style=\"color:#1c2269\">Centro de categor\u00eda mundial que busca impulsar investigaci\u00f3n y conocimiento en f\u00edsica experimental utilizando innovaci\u00f3n en alta tecnolog\u00eda, con el fin de impactar de manera positiva en el mercado y la sociedad en las \u00e1reas de la f\u00edsica te\u00f3rica de part\u00edculas, f\u00edsica experimental de altas energ\u00edas, electr\u00f3nica e inform\u00e1tica, y computaci\u00f3n. Actualmente colabora activamente con el Centro Europeo para la Investigaci\u00f3n Nuclear (CERN).<\/p>\n\n\n\n<div class=\"wp-block-buttons is-layout-flex wp-block-buttons-is-layout-flex\">\n<div class=\"wp-block-button has-custom-font-size\" style=\"font-size:16px\"><a class=\"wp-block-button__link has-text-color has-background has-link-color wp-element-button\" href=\"https:\/\/cctval.cl\/\" style=\"color:#1c2269;background-color:#babdd3\" target=\"_blank\" rel=\"noreferrer noopener\">   <strong>Web   <\/strong><\/a><\/div>\n<\/div>\n<\/div><\/div>\n<\/div>\n<\/div>\n\n\n\n<p><br><br><\/p>\n\n\n\n<div class=\"wp-block-columns max-width-site is-layout-flex wp-container-core-columns-is-layout-2 wp-block-columns-is-layout-flex\">\n<div class=\"wp-block-column is-layout-flow wp-block-column-is-layout-flow\">\n<div class=\"wp-block-media-text is-vertically-aligned-top\" style=\"grid-template-columns:25% auto\"><figure class=\"wp-block-media-text__media\"><img loading=\"lazy\" decoding=\"async\" width=\"500\" height=\"333\" src=\"https:\/\/gloomer.cl\/cv2030\/wp-content\/uploads\/2025\/10\/logo-ac3eVnegro-500x333.png\" alt=\"\" class=\"wp-image-1011 size-medium\" srcset=\"https:\/\/gloomer.cl\/cv2030\/wp-content\/uploads\/2025\/10\/logo-ac3eVnegro-500x333.png 500w, https:\/\/gloomer.cl\/cv2030\/wp-content\/uploads\/2025\/10\/logo-ac3eVnegro-768x512.png 768w, https:\/\/gloomer.cl\/cv2030\/wp-content\/uploads\/2025\/10\/logo-ac3eVnegro.png 900w\" sizes=\"(max-width: 500px) 100vw, 500px\" \/><\/figure><div class=\"wp-block-media-text__content\">\n<h3 class=\"wp-block-heading has-text-color has-link-color wp-elements-a5cbdd43115546c702ebc95b9297c6e8\" style=\"color:#1c2269\"><strong>Centro Avanzado de Ingenier\u00eda El\u00e9ctrica y Electr\u00f3nica (AC3E)<\/strong><\/h3>\n\n\n\n<p class=\"has-text-color has-link-color wp-elements-f87f2feaa456a038e9c157e06b3bf8ef\" style=\"color:#1c2269\">Centro de categor\u00eda mundial que busca contribuir al desarrollo tecnol\u00f3gico y la competitividad de la econom\u00eda chilena a trav\u00e9s de la excelencia en investigaci\u00f3n, el intercambio de conocimiento, la formaci\u00f3n de capital humano avanzado, y generando transferencia tecnol\u00f3gica en \u00e1reas de impacto social en el campo de la ingenier\u00eda el\u00e9ctrica y electr\u00f3nica.<\/p>\n\n\n\n<div class=\"wp-block-buttons is-layout-flex wp-block-buttons-is-layout-flex\">\n<div class=\"wp-block-button has-custom-font-size\" style=\"font-size:16px\"><a class=\"wp-block-button__link has-text-color has-background has-link-color wp-element-button\" href=\"https:\/\/ac3e.usm.cl\/language\/es\/\" style=\"color:#1c2269;background-color:#babdd3\" target=\"_blank\" rel=\"noreferrer noopener\">   W<strong>eb   <\/strong><\/a><\/div>\n<\/div>\n<\/div><\/div>\n<\/div>\n<\/div>\n\n\n\n<p><br><br><br><\/p>\n\n\n\n<div class=\"wp-block-columns max-width-site is-layout-flex wp-container-core-columns-is-layout-3 wp-block-columns-is-layout-flex\">\n<div class=\"wp-block-column is-layout-flow wp-block-column-is-layout-flow\">\n<div class=\"wp-block-media-text is-vertically-aligned-top\" style=\"grid-template-columns:25% auto\"><figure class=\"wp-block-media-text__media\"><img loading=\"lazy\" decoding=\"async\" width=\"280\" height=\"500\" src=\"https:\/\/gloomer.cl\/cv2030\/wp-content\/uploads\/2025\/10\/CBDAL-280x500.png\" alt=\"\" class=\"wp-image-1007 size-medium\" srcset=\"https:\/\/gloomer.cl\/cv2030\/wp-content\/uploads\/2025\/10\/CBDAL-280x500.png 280w, https:\/\/gloomer.cl\/cv2030\/wp-content\/uploads\/2025\/10\/CBDAL-898x1600.png 898w, https:\/\/gloomer.cl\/cv2030\/wp-content\/uploads\/2025\/10\/CBDAL-768x1369.png 768w, https:\/\/gloomer.cl\/cv2030\/wp-content\/uploads\/2025\/10\/CBDAL-862x1536.png 862w, https:\/\/gloomer.cl\/cv2030\/wp-content\/uploads\/2025\/10\/CBDAL-1149x2048.png 1149w, https:\/\/gloomer.cl\/cv2030\/wp-content\/uploads\/2025\/10\/CBDAL.png 1389w\" sizes=\"(max-width: 280px) 100vw, 280px\" \/><\/figure><div class=\"wp-block-media-text__content\">\n<h3 class=\"wp-block-heading has-text-color has-link-color wp-elements-e287555d922091e5d4e2bd92cda01b11\" style=\"color:#1c2269\"><strong>Centro de Biotecnolog\u00eda \u201cDr. Daniel Alkalay Lowitt\u201d (CB-Dal)<\/strong><\/h3>\n\n\n\n<p class=\"has-text-color has-link-color wp-elements-a82f78839a2c7261c39bac60135162e0\" style=\"color:#1c2269\">Centro que busca incorporar la dimensi\u00f3n biotecnol\u00f3gica en todas las \u00e1reas en que la Universidad T\u00e9cnica Federico Santa Mar\u00eda define su quehacer en Ciencia y Tecnolog\u00eda. Todo esto a trav\u00e9s de la materializaci\u00f3n de proyectos de investigaci\u00f3n con participaci\u00f3n de la industria, vinculaci\u00f3n con instituciones nacionales e internacionales, desarrollo de vinculaci\u00f3n en biotecnolog\u00eda y apoyo a programas docentes en biotecnolog\u00eda, entre otros.<\/p>\n\n\n\n<div class=\"wp-block-buttons is-layout-flex wp-block-buttons-is-layout-flex\">\n<div class=\"wp-block-button has-custom-font-size\" style=\"font-size:16px\"><a class=\"wp-block-button__link has-text-color has-background has-link-color wp-element-button\" style=\"color:#1c2269;background-color:#babdd3\">   W<strong>eb   <\/strong><\/a><\/div>\n<\/div>\n<\/div><\/div>\n<\/div>\n<\/div>\n\n\n\n<div class=\"wp-block-columns max-width-site is-layout-flex wp-container-core-columns-is-layout-4 wp-block-columns-is-layout-flex\">\n<div class=\"wp-block-column is-layout-flow wp-block-column-is-layout-flow\">\n<p><br><br><\/p>\n\n\n\n<div class=\"wp-block-media-text is-vertically-aligned-top\" style=\"grid-template-columns:25% auto\"><figure class=\"wp-block-media-text__media\"><img loading=\"lazy\" decoding=\"async\" width=\"500\" height=\"300\" src=\"https:\/\/gloomer.cl\/cv2030\/wp-content\/uploads\/2025\/10\/Cetam-logo-colores-500x300.png\" alt=\"\" class=\"wp-image-1008 size-medium\" srcset=\"https:\/\/gloomer.cl\/cv2030\/wp-content\/uploads\/2025\/10\/Cetam-logo-colores-500x300.png 500w, https:\/\/gloomer.cl\/cv2030\/wp-content\/uploads\/2025\/10\/Cetam-logo-colores-1600x961.png 1600w, https:\/\/gloomer.cl\/cv2030\/wp-content\/uploads\/2025\/10\/Cetam-logo-colores-768x461.png 768w, https:\/\/gloomer.cl\/cv2030\/wp-content\/uploads\/2025\/10\/Cetam-logo-colores-1536x923.png 1536w, https:\/\/gloomer.cl\/cv2030\/wp-content\/uploads\/2025\/10\/Cetam-logo-colores-2048x1231.png 2048w\" sizes=\"(max-width: 500px) 100vw, 500px\" \/><\/figure><div class=\"wp-block-media-text__content\">\n<h3 class=\"wp-block-heading has-text-color has-link-color wp-elements-ad8b0b8cbea0b4511ac2273562af5cf3\" style=\"color:#1c2269\"><strong>Centro de Tecnolog\u00edas Ambientales (CETAM)<\/strong><\/h3>\n\n\n\n<p class=\"has-text-color has-link-color wp-elements-e863bf02e8bedfc504976c4378008618\" style=\"color:#1c2269\">Centro que potencia la capacidad de investigaci\u00f3n en las \u00e1reas de medio ambiente y tecnolog\u00edas ambientales, vinculando a la USM con el mundo cient\u00edfico, pol\u00edtico, gubernamental y empresarial relacionado con las tecnolog\u00edas ambientales y contribuyendo con la transferencia tecnol\u00f3gica.&nbsp; Todo esto, a trav\u00e9s de la investigaci\u00f3n aplicada, la prestaci\u00f3n de servicios y actividades de extensi\u00f3n dedicando gran parte de sus esfuerzos al desarrollo de tecnolog\u00edas ambientales orientadas a dar soluciones innovadoras y creativas a la problem\u00e1tica de medir en forma confiable la calidad qu\u00edmica y toxicol\u00f3gica del aire, tanto en el aire ambiente exterior, como intramuros.<\/p>\n\n\n\n<div class=\"wp-block-buttons is-layout-flex wp-block-buttons-is-layout-flex\">\n<div class=\"wp-block-button has-custom-font-size\" style=\"font-size:16px\"><a class=\"wp-block-button__link has-text-color has-background has-link-color wp-element-button\" href=\"https:\/\/cetam.cl\/\" style=\"color:#1c2269;background-color:#babdd3\" target=\"_blank\" rel=\"noreferrer noopener\">   W<strong>eb   <\/strong><\/a><\/div>\n<\/div>\n<\/div><\/div>\n<\/div>\n<\/div>\n\n\n\n<p><br><\/p>\n\n\n\n<p><br><\/p>\n\n\n\n<h2 class=\"wp-block-heading has-text-align-center global-title\">DEPARTAMENTOS<\/h2>\n\n\n\n<div class=\"wp-block-columns max-width-site is-layout-flex wp-container-core-columns-is-layout-5 wp-block-columns-is-layout-flex\">\n<div class=\"wp-block-column is-layout-flow wp-block-column-is-layout-flow\">\n<div class=\"wp-block-media-text is-vertically-aligned-top\" style=\"grid-template-columns:25% auto\"><figure class=\"wp-block-media-text__media\"><img loading=\"lazy\" decoding=\"async\" width=\"1651\" height=\"1275\" src=\"https:\/\/gloomer.cl\/cv2030\/wp-content\/uploads\/2025\/10\/Departamento-de-Matema\u2560utica.png\" alt=\"\" class=\"wp-image-1020 size-full\" srcset=\"https:\/\/gloomer.cl\/cv2030\/wp-content\/uploads\/2025\/10\/Departamento-de-Matema\u2560utica.png 1651w, https:\/\/gloomer.cl\/cv2030\/wp-content\/uploads\/2025\/10\/Departamento-de-Matema\u2560utica-500x386.png 500w, https:\/\/gloomer.cl\/cv2030\/wp-content\/uploads\/2025\/10\/Departamento-de-Matema\u2560utica-1600x1236.png 1600w, https:\/\/gloomer.cl\/cv2030\/wp-content\/uploads\/2025\/10\/Departamento-de-Matema\u2560utica-768x593.png 768w, https:\/\/gloomer.cl\/cv2030\/wp-content\/uploads\/2025\/10\/Departamento-de-Matema\u2560utica-1536x1186.png 1536w\" sizes=\"(max-width: 1651px) 100vw, 1651px\" \/><\/figure><div class=\"wp-block-media-text__content\">\n<h3 class=\"wp-block-heading has-text-color has-link-color wp-elements-2ec6b5ed55fda5398327fb3f1db70a64\" style=\"color:#1c2269\"><strong>Departamento de Matem\u00e1tica<\/strong><\/h3>\n\n\n\n<p class=\"has-text-color has-link-color wp-elements-722d3fbe81674c1e8ee09dd2dde0c094\" style=\"color:#1c2269\">El Departamento de Matem\u00e1tica de la Universidad T\u00e9cnica Federico Santa Mar\u00eda, orienta sus actividades hacia la Matem\u00e1tica y sus aplicaciones a la tecnolog\u00eda, ciencia e ingenier\u00eda. En su labor docente, el Departamento imparte las asignaturas de Matem\u00e1tica transversal que requieren los diversos programas de pre y postgrado que se ofrecen en la Universidad. Adem\u00e1s, ofrece la carrera de Ingenier\u00eda Civil Matem\u00e1tica y los programas de Mag\u00edster en Ciencias Menci\u00f3n Matem\u00e1tica y el Doctorado en Matem\u00e1tica. La labor de investigaci\u00f3n del Departamento se orienta a incrementar el conocimiento actual de la Matem\u00e1tica y sus resultados son publicados en revistas especializadas de circulaci\u00f3n internacional. Las l\u00edneas de investigaci\u00f3n desarrolladas en el Departamento son: \u00c1lgebra y Geometr\u00eda, An\u00e1lisis no-Lineal y de Ecuaciones Diferenciales Parciales, An\u00e1lisis Num\u00e9rico, Control de Ecuaciones Diferenciales Parciales y Problemas Inversos, Optimizaci\u00f3n, Probabilidad y Estad\u00edstica, y Sistemas Din\u00e1micos.<\/p>\n\n\n\n<div class=\"wp-block-buttons is-layout-flex wp-block-buttons-is-layout-flex\">\n<div class=\"wp-block-button\"><a class=\"wp-block-button__link has-text-color has-background has-link-color wp-element-button\" href=\"http:\/\/www.mat.utfsm.cl\/\" style=\"color:#1c2269;background-color:#babdd3\" target=\"_blank\" rel=\"noreferrer noopener\">Web<\/a><\/div>\n<\/div>\n<\/div><\/div>\n<\/div>\n<\/div>\n\n\n\n<p><br><\/p>\n\n\n\n<div class=\"wp-block-columns max-width-site is-layout-flex wp-container-core-columns-is-layout-6 wp-block-columns-is-layout-flex\">\n<div class=\"wp-block-column is-layout-flow wp-block-column-is-layout-flow\">\n<div class=\"wp-block-media-text is-vertically-aligned-top\" style=\"grid-template-columns:25% auto\"><figure class=\"wp-block-media-text__media\"><img loading=\"lazy\" decoding=\"async\" width=\"1600\" height=\"934\" src=\"https:\/\/gloomer.cl\/cv2030\/wp-content\/uploads\/2025\/10\/Logo-DQ-1600x934.jpg\" alt=\"\" class=\"wp-image-1022 size-full\" srcset=\"https:\/\/gloomer.cl\/cv2030\/wp-content\/uploads\/2025\/10\/Logo-DQ-1600x934.jpg 1600w, https:\/\/gloomer.cl\/cv2030\/wp-content\/uploads\/2025\/10\/Logo-DQ-500x292.jpg 500w, https:\/\/gloomer.cl\/cv2030\/wp-content\/uploads\/2025\/10\/Logo-DQ-768x448.jpg 768w, https:\/\/gloomer.cl\/cv2030\/wp-content\/uploads\/2025\/10\/Logo-DQ-1536x896.jpg 1536w, https:\/\/gloomer.cl\/cv2030\/wp-content\/uploads\/2025\/10\/Logo-DQ-2048x1195.jpg 2048w\" sizes=\"(max-width: 1600px) 100vw, 1600px\" \/><\/figure><div class=\"wp-block-media-text__content\">\n<h3 class=\"wp-block-heading has-text-color has-link-color wp-elements-151c0b2e1eed1ddd56f1212a14fca385\" style=\"color:#1c2269\"><strong>Departamento de <\/strong>Qu\u00edmica<\/h3>\n\n\n\n<p class=\"has-text-color has-link-color wp-elements-161fb4b2746b30e8aceb27d4f52e2d56\" style=\"color:#1c2269\">El Departamento de Qu\u00edmica de la Universidad T\u00e9cnica Federico Santa Mar\u00eda fue creado en junio del a\u00f1o 1980. Sus principales actividades son la docencia, la investigaci\u00f3n y la prestaci\u00f3n de servicios. En relaci\u00f3n con la docencia, el Departamento de Qu\u00edmica imparte asignaturas en el ciclo b\u00e1sico a todas las carreras de Ingenier\u00eda de la Universidad en sus diferentes campus. Adem\u00e1s, ofrece dos carreras en pregrado y tres programas de postgrado. En Investigaci\u00f3n se destacan las \u00e1reas fundamentales de la qu\u00edmica, tales como: Anal\u00edtica, Fisicoqu\u00edmica, Inorg\u00e1nica y Org\u00e1nica, como tambi\u00e9n las \u00e1reas de Medio Ambiente y Biotecnolog\u00eda.<\/p>\n<\/div><\/div>\n<\/div>\n<\/div>\n\n\n\n<p><br><\/p>\n\n\n\n<div class=\"wp-block-columns max-width-site is-layout-flex wp-container-core-columns-is-layout-7 wp-block-columns-is-layout-flex\">\n<div class=\"wp-block-column is-layout-flow wp-block-column-is-layout-flow\">\n<div class=\"wp-block-media-text is-vertically-aligned-top\" style=\"grid-template-columns:25% auto\"><figure class=\"wp-block-media-text__media\"><img loading=\"lazy\" decoding=\"async\" width=\"300\" height=\"300\" src=\"https:\/\/gloomer.cl\/cv2030\/wp-content\/uploads\/2024\/08\/Captura-de-Pantalla-2024-08-28-a-las-04.11.58.png\" alt=\"\" class=\"wp-image-671 size-full\" srcset=\"https:\/\/gloomer.cl\/cv2030\/wp-content\/uploads\/2024\/08\/Captura-de-Pantalla-2024-08-28-a-las-04.11.58.png 300w, https:\/\/gloomer.cl\/cv2030\/wp-content\/uploads\/2024\/08\/Captura-de-Pantalla-2024-08-28-a-las-04.11.58-200x200.png 200w\" sizes=\"(max-width: 300px) 100vw, 300px\" \/><\/figure><div class=\"wp-block-media-text__content\">\n<h3 class=\"wp-block-heading has-text-color has-link-color wp-elements-c9f854bca984e4da5190e2d4781f6b6a\" style=\"color:#1c2269\"><strong>Departamento de F\u00edsica<\/strong><\/h3>\n\n\n\n<p class=\"has-text-color has-link-color wp-elements-99691f29e5f734392fa458411505adae\" style=\"color:#1c2269\">El Departamento imparte las asignaturas de f\u00edsica a todas las carreras de ingenier\u00eda y licenciatura en ciencias de la Universidad, contribuyendo adem\u00e1s a la formaci\u00f3n de especialistas en las m\u00faltiples disciplinas de las Ciencias F\u00edsicas a nivel de pregrado y postgrado. Como parte esencial de esa misi\u00f3n, el Departamento mantiene y promueve la colaboraci\u00f3n con otros centros de formaci\u00f3n e investigaci\u00f3n de excelencia a nivel mundial, y asume la difusi\u00f3n de los avances y el valor de la F\u00edsica en la sociedad.<\/p>\n\n\n\n<div class=\"wp-block-buttons is-layout-flex wp-block-buttons-is-layout-flex\">\n<div class=\"wp-block-button\"><a class=\"wp-block-button__link has-text-color has-background has-link-color wp-element-button\" href=\"https:\/\/fisica.usm.cl\/\" style=\"color:#1c2269;background-color:#babdd3\" target=\"_blank\" rel=\"noreferrer noopener\">Web<\/a><\/div>\n<\/div>\n<\/div><\/div>\n<\/div>\n<\/div>\n\n\n\n<p><br><\/p>\n","protected":false},"excerpt":{"rendered":"<p>CENTROS USM Centro Cient\u00edfico Tecnol\u00f3gico de Valpara\u00edso (CCTVal) Centro de categor\u00eda mundial que busca impulsar investigaci\u00f3n y conocimiento en f\u00edsica experimental utilizando innovaci\u00f3n en alta tecnolog\u00eda, con el fin de &#8230;<\/p>\n","protected":false},"author":1,"featured_media":0,"parent":0,"menu_order":0,"comment_status":"closed","ping_status":"closed","template":"template-fullwidth-stretched.php","meta":{"_themeisle_gutenberg_block_has_review":false,"footnotes":""},"class_list":["post-628","page","type-page","status-publish","hentry"],"_links":{"self":[{"href":"https:\/\/gloomer.cl\/cv2030\/wp-json\/wp\/v2\/pages\/628"}],"collection":[{"href":"https:\/\/gloomer.cl\/cv2030\/wp-json\/wp\/v2\/pages"}],"about":[{"href":"https:\/\/gloomer.cl\/cv2030\/wp-json\/wp\/v2\/types\/page"}],"author":[{"embeddable":true,"href":"https:\/\/gloomer.cl\/cv2030\/wp-json\/wp\/v2\/users\/1"}],"replies":[{"embeddable":true,"href":"https:\/\/gloomer.cl\/cv2030\/wp-json\/wp\/v2\/comments?post=628"}],"version-history":[{"count":50,"href":"https:\/\/gloomer.cl\/cv2030\/wp-json\/wp\/v2\/pages\/628\/revisions"}],"predecessor-version":[{"id":1024,"href":"https:\/\/gloomer.cl\/cv2030\/wp-json\/wp\/v2\/pages\/628\/revisions\/1024"}],"wp:attachment":[{"href":"https:\/\/gloomer.cl\/cv2030\/wp-json\/wp\/v2\/media?parent=628"}],"curies":[{"name":"wp","href":"https:\/\/api.w.org\/{rel}","templated":true}]}}