{"id":763,"date":"2024-11-05T19:16:17","date_gmt":"2024-11-05T19:16:17","guid":{"rendered":"https:\/\/gloomer.cl\/cv2030\/?page_id=763"},"modified":"2025-10-01T08:38:01","modified_gmt":"2025-10-01T08:38:01","slug":"ejes-de-trabajo","status":"publish","type":"page","link":"https:\/\/gloomer.cl\/cv2030\/ejes-de-trabajo\/","title":{"rendered":"Ejes de Trabajo"},"content":{"rendered":"\n<div class=\"wp-block-cover alignfull portada-hero padding-botom-40 wp-duotone-unset-1\" style=\"margin-top:0;padding-top:4vw;padding-right:4vw;padding-bottom:4vw;padding-left:4vw\"><span aria-hidden=\"true\" class=\"wp-block-cover__background has-background-dim-0 has-background-dim\"><\/span><img loading=\"lazy\" decoding=\"async\" width=\"2000\" height=\"1200\" class=\"wp-block-cover__image-background wp-image-891\" alt=\"\" src=\"https:\/\/gloomer.cl\/cv2030\/wp-content\/uploads\/2025\/09\/BANNER-EJES-DE-TRABAJO.png\" style=\"object-position:50% 50%\" data-object-fit=\"cover\" data-object-position=\"50% 50%\" srcset=\"https:\/\/gloomer.cl\/cv2030\/wp-content\/uploads\/2025\/09\/BANNER-EJES-DE-TRABAJO.png 2000w, https:\/\/gloomer.cl\/cv2030\/wp-content\/uploads\/2025\/09\/BANNER-EJES-DE-TRABAJO-500x300.png 500w, https:\/\/gloomer.cl\/cv2030\/wp-content\/uploads\/2025\/09\/BANNER-EJES-DE-TRABAJO-1600x960.png 1600w, https:\/\/gloomer.cl\/cv2030\/wp-content\/uploads\/2025\/09\/BANNER-EJES-DE-TRABAJO-768x461.png 768w, https:\/\/gloomer.cl\/cv2030\/wp-content\/uploads\/2025\/09\/BANNER-EJES-DE-TRABAJO-1536x922.png 1536w\" sizes=\"(max-width: 2000px) 100vw, 2000px\" \/><div class=\"wp-block-cover__inner-container is-layout-flow wp-block-cover-is-layout-flow\">\n<p><br><br><\/p>\n\n\n\n<div class=\"wp-block-columns is-layout-flex wp-container-core-columns-is-layout-1 wp-block-columns-is-layout-flex\">\n<div class=\"wp-block-column is-layout-flow wp-block-column-is-layout-flow\" style=\"flex-basis:750px\">\n<h2 class=\"wp-block-heading boton-ejes-de-trabajo btn-num-1 has-white-background-color has-text-color has-background has-link-color wp-elements-a2cc97f4ebf54bd295e226c44686969c\" style=\"color:#1c2269\"><a href=\"https:\/\/gloomer.cl\/cv2030\/ejes-de-trabajo\/#armonizacion\" data-type=\"page\" data-id=\"763\">Armonizaci\u00f3n curricular<\/a><\/h2>\n\n\n\n<h2 class=\"wp-block-heading boton-ejes-de-trabajo btn-num-2 has-white-background-color has-text-color has-background has-link-color wp-elements-95fea5a437cabf10fd6b136ef77e8a55\" style=\"color:#1c2269\"><a href=\"https:\/\/gloomer.cl\/cv2030\/ejes-de-trabajo\/#vinculacion\" data-type=\"page\" data-id=\"763\">Vinculaci\u00f3n entorno socioecon\u00f3mico<\/a><\/h2>\n\n\n\n<h2 class=\"wp-block-heading boton-ejes-de-trabajo btn-num-3 has-white-background-color has-text-color has-background has-link-color wp-elements-c90a8c9c19a8343c15b07b627faeae59\" style=\"color:#1c2269\"><a href=\"https:\/\/gloomer.cl\/cv2030\/ejes-de-trabajo\/#liderazgo\" data-type=\"page\" data-id=\"763\">Liderazgo femenino en ciencia<\/a><\/h2>\n<\/div>\n\n\n\n<div class=\"wp-block-column is-layout-flow wp-block-column-is-layout-flow\">\n<h2 class=\"wp-block-heading has-white-color has-text-color has-link-color wp-elements-42c07e9f4c2cda5e7b597ff4576ed907\">Ejes de trabajo<\/h2>\n\n\n\n<p>Buscamos potenciar la&nbsp;<strong>ciencia aplicada e innovaci\u00f3n en las facultades y departamentos de ciencias<\/strong>&nbsp;del Consorcio para apoyar la diversificaci\u00f3n de la matriz productiva.<\/p>\n<\/div>\n<\/div>\n\n\n\n<div class=\"wp-block-columns is-layout-flex wp-container-core-columns-is-layout-2 wp-block-columns-is-layout-flex\">\n<div class=\"wp-block-column is-layout-flow wp-block-column-is-layout-flow\">\n<p><br><br><br><br><br><br><br><br><br><br><\/p>\n\n\n\n<h1 class=\"wp-block-heading has-text-align-center has-white-color has-text-color has-link-color wp-elements-1f6227e909acae2f80e51643c386b152\" id=\"armonizacion\">Eje 1:<br><strong>Armonizaci\u00f3n curricular<\/strong><\/h1>\n<\/div>\n<\/div>\n<\/div><\/div>\n\n\n\n<div class=\"wp-block-columns ticss-8569e423 is-layout-flex wp-container-core-columns-is-layout-3 wp-block-columns-is-layout-flex\">\n<div class=\"wp-block-column is-layout-flow wp-block-column-is-layout-flow\">\n<p><br>Incorporando transferencia tecnol\u00f3gica, innovaci\u00f3n y emprendimiento de base cient\u00edfico tecnol\u00f3gica.<\/p>\n\n\n\n<p><strong>Principales actividades<\/strong><\/p>\n\n\n\n<ul class=\"wp-block-list\">\n<li>Nuevos cargos acad\u00e9micos con perfil I+D+i+e<\/li>\n\n\n\n<li>Diagn\u00f3stico y definici\u00f3n de estrategias de incorporaci\u00f3n de contenidos curriculares en pre y posgrado.<\/li>\n\n\n\n<li>Capacitaciones sobre innovaci\u00f3n y emprendimiento para estudiantes y acad\u00e9micos<\/li>\n<\/ul>\n<\/div>\n<\/div>\n\n\n\n<div class=\"wp-block-cover alignfull wp-duotone-unset-2\" style=\"margin-top:0;padding-top:4vw;padding-right:4vw;padding-bottom:4vw;padding-left:4vw\"><span aria-hidden=\"true\" class=\"wp-block-cover__background has-background-dim-0 has-background-dim\"><\/span><img loading=\"lazy\" decoding=\"async\" width=\"1920\" height=\"479\" class=\"wp-block-cover__image-background wp-image-851\" alt=\"\" src=\"https:\/\/gloomer.cl\/cv2030\/wp-content\/uploads\/2024\/11\/banner.png\" data-object-fit=\"cover\" srcset=\"https:\/\/gloomer.cl\/cv2030\/wp-content\/uploads\/2024\/11\/banner.png 1920w, https:\/\/gloomer.cl\/cv2030\/wp-content\/uploads\/2024\/11\/banner-500x125.png 500w, https:\/\/gloomer.cl\/cv2030\/wp-content\/uploads\/2024\/11\/banner-1600x399.png 1600w, https:\/\/gloomer.cl\/cv2030\/wp-content\/uploads\/2024\/11\/banner-768x192.png 768w, https:\/\/gloomer.cl\/cv2030\/wp-content\/uploads\/2024\/11\/banner-1536x383.png 1536w\" sizes=\"(max-width: 1920px) 100vw, 1920px\" \/><div class=\"wp-block-cover__inner-container is-layout-flow wp-block-cover-is-layout-flow\">\n<h1 class=\"wp-block-heading has-text-align-center has-white-color has-text-color has-link-color wp-elements-d52e24677022523468ad934886c04272\" id=\"vinculacion\">Eje 2:<br><strong>Vinculaci\u00f3n con el entorno<br>socioecon\u00f3mico<\/strong><\/h1>\n<\/div><\/div>\n\n\n\n<div class=\"wp-block-columns ticss-8569e423 is-layout-flex wp-container-core-columns-is-layout-4 wp-block-columns-is-layout-flex\">\n<div class=\"wp-block-column is-layout-flow wp-block-column-is-layout-flow\">\n<p><br>A trav\u00e9s de I+D con orientaci\u00f3n estrat\u00e9gica e interdisciplinaria.<\/p>\n\n\n\n<p><strong>Principales actividades<\/strong><\/p>\n\n\n\n<p>Desarrollo de giras y pasant\u00edas tecnol\u00f3gicas para que acad\u00e9micos y estudiantes adquieran experiencia a trav\u00e9s de Centros y\/o organismos especializados nacionales e internacionales.<\/p>\n\n\n\n<p>Acercamiento de las l\u00edneas de investigaci\u00f3n de las facultades y departamentos hacia I+D a trav\u00e9s de concursos de financiamiento anuales para el desarrollo de propuestas y asesor\u00edas que permitir\u00e1n direccionar las soluciones con un modelo de negocio inicial y\/o servicio de tipo avanzado.<\/p>\n\n\n\n<p>Fortalecimiento de \u00e1reas de I+D con potencial a trav\u00e9s de la implementaci\u00f3n de equipamiento cient\u00edfico que permita ampliar la oferta de servicio y la habilitaci\u00f3n de&nbsp; un laboratorio de innovaci\u00f3n y emprendimiento para que estudiantes con perfil emprendedor puedan tener opciones de desarrollo, apoyado por equipos acad\u00e9micos especialistas.<\/p>\n\n\n\n<p>Vinculaci\u00f3n con el ecosistema a trav\u00e9s de mesas de trabajo y seminarios sectoriales que promuevan la oferta de las capacidades para la soluci\u00f3n de desaf\u00edos con participaci\u00f3n de estudiantes.<\/p>\n<\/div>\n<\/div>\n\n\n\n<div class=\"wp-block-cover alignfull wp-duotone-unset-3\" style=\"margin-top:0;padding-top:4vw;padding-right:4vw;padding-bottom:4vw;padding-left:4vw\"><span aria-hidden=\"true\" class=\"wp-block-cover__background has-background-dim-0 has-background-dim\"><\/span><img loading=\"lazy\" decoding=\"async\" width=\"1920\" height=\"479\" class=\"wp-block-cover__image-background wp-image-851\" alt=\"\" src=\"https:\/\/gloomer.cl\/cv2030\/wp-content\/uploads\/2024\/11\/banner.png\" data-object-fit=\"cover\" srcset=\"https:\/\/gloomer.cl\/cv2030\/wp-content\/uploads\/2024\/11\/banner.png 1920w, https:\/\/gloomer.cl\/cv2030\/wp-content\/uploads\/2024\/11\/banner-500x125.png 500w, https:\/\/gloomer.cl\/cv2030\/wp-content\/uploads\/2024\/11\/banner-1600x399.png 1600w, https:\/\/gloomer.cl\/cv2030\/wp-content\/uploads\/2024\/11\/banner-768x192.png 768w, https:\/\/gloomer.cl\/cv2030\/wp-content\/uploads\/2024\/11\/banner-1536x383.png 1536w\" sizes=\"(max-width: 1920px) 100vw, 1920px\" \/><div class=\"wp-block-cover__inner-container is-layout-flow wp-block-cover-is-layout-flow\">\n<h1 class=\"wp-block-heading has-text-align-center has-white-color has-text-color has-link-color wp-elements-d9e856cfd26ecddb59a8132f2581a46e\" id=\"liderazgo\">Eje 3:<br><strong>Liderazgo femenino<\/strong><br><strong>en cienci<\/strong>a<\/h1>\n<\/div><\/div>\n\n\n\n<div class=\"wp-block-columns ticss-8569e423 is-layout-flex wp-container-core-columns-is-layout-5 wp-block-columns-is-layout-flex\">\n<div class=\"wp-block-column is-layout-flow wp-block-column-is-layout-flow\">\n<p><br>En docencia, proyectos de investigaci\u00f3n, innovaci\u00f3n y EBCT, al interior de las facultades.<\/p>\n\n\n\n<p><strong>Principales actividades<\/strong><\/p>\n\n\n\n<p>Realizaci\u00f3n de seminarios de alto impacto con participaci\u00f3n de mujeres cient\u00edficas destacadas, de trayector\u00eda internacional en el \u00e1rea de la Ciencia.<\/p>\n\n\n\n<p>Potenciar de manera consorciada los programas INES G\u00e9nero de ambas universidades<\/p>\n\n\n\n<p>Desarrollo de capacitaciones sobre liderazgo femenino y transversalizaci\u00f3n de la perspectiva de g\u00e9nero en el \u00e1rea de la Ciencia<\/p>\n<\/div>\n<\/div>\n\n\n\n<div class=\"wp-block-columns is-layout-flex wp-container-core-columns-is-layout-6 wp-block-columns-is-layout-flex\">\n<div class=\"wp-block-column is-layout-flow wp-block-column-is-layout-flow\"><\/div>\n\n\n\n<div class=\"wp-block-column is-layout-flow wp-block-column-is-layout-flow\"><\/div>\n<\/div>\n","protected":false},"excerpt":{"rendered":"<p>Incorporando transferencia tecnol\u00f3gica, innovaci\u00f3n y emprendimiento de base cient\u00edfico tecnol\u00f3gica. Principales actividades A trav\u00e9s de I+D con orientaci\u00f3n estrat\u00e9gica e interdisciplinaria. Principales actividades Desarrollo de giras y pasant\u00edas tecnol\u00f3gicas para &#8230;<\/p>\n","protected":false},"author":1,"featured_media":0,"parent":0,"menu_order":0,"comment_status":"closed","ping_status":"closed","template":"template-fullwidth-stretched.php","meta":{"_themeisle_gutenberg_block_has_review":false,"footnotes":""},"class_list":["post-763","page","type-page","status-publish","hentry"],"_links":{"self":[{"href":"https:\/\/gloomer.cl\/cv2030\/wp-json\/wp\/v2\/pages\/763"}],"collection":[{"href":"https:\/\/gloomer.cl\/cv2030\/wp-json\/wp\/v2\/pages"}],"about":[{"href":"https:\/\/gloomer.cl\/cv2030\/wp-json\/wp\/v2\/types\/page"}],"author":[{"embeddable":true,"href":"https:\/\/gloomer.cl\/cv2030\/wp-json\/wp\/v2\/users\/1"}],"replies":[{"embeddable":true,"href":"https:\/\/gloomer.cl\/cv2030\/wp-json\/wp\/v2\/comments?post=763"}],"version-history":[{"count":83,"href":"https:\/\/gloomer.cl\/cv2030\/wp-json\/wp\/v2\/pages\/763\/revisions"}],"predecessor-version":[{"id":1015,"href":"https:\/\/gloomer.cl\/cv2030\/wp-json\/wp\/v2\/pages\/763\/revisions\/1015"}],"wp:attachment":[{"href":"https:\/\/gloomer.cl\/cv2030\/wp-json\/wp\/v2\/media?parent=763"}],"curies":[{"name":"wp","href":"https:\/\/api.w.org\/{rel}","templated":true}]}}